{"id":297,"date":"2024-06-19T16:49:30","date_gmt":"2024-06-19T16:49:30","guid":{"rendered":"https:\/\/vivereconcept.com\/?post_type=product&#038;p=297"},"modified":"2026-01-23T12:33:16","modified_gmt":"2026-01-23T12:33:16","slug":"vivere-waves-curling-iron","status":"publish","type":"product","link":"https:\/\/vivereconcept.com\/br\/produto\/vivere-waves-curling-iron\/","title":{"rendered":"Vivere Waves - Modelador de cachos"},"content":{"rendered":"<div>7 estilos. 1 ferramenta. Cachos lindos que duram at\u00e9 3 dias.<\/div>\n<div>O Vivere Waves \u00e9 o modelador definitivo para quem gosta de liberdade, estilo e praticidade. Com aquecimento de at\u00e9 230\u00b0C (446\u00b0F), ele oferece:<\/div>\n<div>-Versatilidade total com 7 estilos de cachos intercambi\u00e1veis em um \u00fanico dispositivo<\/div>\n<div>-Alto desempenho para resultados de qualidade de sal\u00e3o em casa<\/div>\n<div>-Cachos de longa dura\u00e7\u00e3o, por at\u00e9 3 dias<\/div>\n<div>-Design moderno e funcional, f\u00e1cil de trocar os acess\u00f3rios<\/div>\n<div>-Aquecimento r\u00e1pido, perfeito para sua rotina di\u00e1ria<\/div>\n<div>Bolsa de viagem exclusiva, para que voc\u00ea possa lev\u00e1-la para qualquer lugar com facilidade<\/div>\n<div><\/div>\n<div>Seu cabelo, do seu jeito - sempre.<\/div>\n<div>Vivere Waves: onde seu estilo ganha forma.<\/div>","protected":false},"excerpt":{"rendered":"<p>Lorem ipsum dolor sit amet, consectetur adipiscing elit, sed do eiusmod tempor incididunt ut labore et dolore magna aliqua.<\/p>","protected":false},"featured_media":298,"comment_status":"open","ping_status":"closed","template":"","meta":{"_acf_changed":false},"product_brand":[],"product_cat":[20],"product_tag":[],"class_list":{"0":"post-297","1":"product","2":"type-product","3":"status-publish","4":"has-post-thumbnail","6":"product_cat-products","8":"first","9":"instock","10":"taxable","11":"shipping-taxable","12":"purchasable","13":"product-type-simple"},"acf":[],"_links":{"self":[{"href":"https:\/\/vivereconcept.com\/br\/wp-json\/wp\/v2\/product\/297","targetHints":{"allow":["GET"]}}],"collection":[{"href":"https:\/\/vivereconcept.com\/br\/wp-json\/wp\/v2\/product"}],"about":[{"href":"https:\/\/vivereconcept.com\/br\/wp-json\/wp\/v2\/types\/product"}],"replies":[{"embeddable":true,"href":"https:\/\/vivereconcept.com\/br\/wp-json\/wp\/v2\/comments?post=297"}],"wp:featuredmedia":[{"embeddable":true,"href":"https:\/\/vivereconcept.com\/br\/wp-json\/wp\/v2\/media\/298"}],"wp:attachment":[{"href":"https:\/\/vivereconcept.com\/br\/wp-json\/wp\/v2\/media?parent=297"}],"wp:term":[{"taxonomy":"product_brand","embeddable":true,"href":"https:\/\/vivereconcept.com\/br\/wp-json\/wp\/v2\/product_brand?post=297"},{"taxonomy":"product_cat","embeddable":true,"href":"https:\/\/vivereconcept.com\/br\/wp-json\/wp\/v2\/product_cat?post=297"},{"taxonomy":"product_tag","embeddable":true,"href":"https:\/\/vivereconcept.com\/br\/wp-json\/wp\/v2\/product_tag?post=297"}],"curies":[{"name":"wp","href":"https:\/\/api.w.org\/{rel}","templated":true}]}}